{"id":1130,"date":"2014-07-16T21:52:50","date_gmt":"2014-07-16T19:52:50","guid":{"rendered":"http:\/\/www.bis-heidelberg.de\/home\/?page_id=1130"},"modified":"2018-07-06T14:39:45","modified_gmt":"2018-07-06T12:39:45","slug":"unternehmen","status":"publish","type":"page","link":"https:\/\/www.bis-heidelberg.de\/home\/unternehmen\/","title":{"rendered":"Unternehmen"},"content":{"rendered":"<ul class=\"g1-grid\"><li class=\"g1-column g1-five-sixth g1-valign-top\">\n<div id=\"g1-lead-1\" class=\"g1-lead \" >\n<p>Wir b\u00fcndeln Kompetenzen in der Entwicklung von intelligenten Enterprise Solutions zur Unternehmenskommunikation und der Informationsgewinnung aus Big Data.<\/p>\n<\/div>\n<\/li><!-- -->\n<li class=\"g1-column g1-one-sixth g1-valign-top\">\n<\/li><!-- --><\/ul>\n<ul class=\"g1-grid\"><li class=\"g1-column g1-one-third g1-valign-top\">\n<\/li><!-- -->\n<li class=\"g1-column g1-two-third g1-valign-top\">\n<h3>Vision<\/h3>\n<\/li><!-- --><\/ul>\n<ul class=\"g1-grid\"><li class=\"g1-column g1-one-third g1-valign-middle\">\n<blockquote><p>Die Zufriedenheit unserer Kunden steht bei uns an erster Stelle.<\/p><\/blockquote>\n<\/li><!-- -->\n<li class=\"g1-column g1-one-third g1-valign-top\">\n<p>Das Erf\u00fcllen Ihrer Anforderungen und das gleichzeitige Einhalten von vereinbarten Budgets f\u00fcr ma\u00dfgeschneiderte L\u00f6sungen sind f\u00fcr uns die Grundlage f\u00fcr das beste Verh\u00e4ltnis zu unseren Kunden. Den Erfolg unserer Produkte messen wir an der Akzeptanz unserer L\u00f6sungen unter Ihren Mitarbeitern.<\/p>\n<\/li><!-- -->\n<li class=\"g1-column g1-one-third g1-valign-top\">\n<\/li><!-- --><\/ul>\n<ul class=\"g1-grid\"><li class=\"g1-column g1-one-third g1-valign-top\">\n<\/li><!-- -->\n<li class=\"g1-column g1-one-third g1-valign-top\">\n<h3>Mission &amp; Values<\/h3>\n<\/li><!-- -->\n<li class=\"g1-column g1-one-third g1-valign-top\">\n<\/li><!-- --><\/ul>\n<ul class=\"g1-grid\"><li class=\"g1-column g1-one-third g1-valign-middle\">\n<blockquote><p>Unsere Mission ist die Entwicklung von zukunftsf\u00e4higer Software nach individuellen Anforderungen im Rahmen ganzheitlicher Ans\u00e4tze.<\/p><\/blockquote>\n<\/li><!-- -->\n<li class=\"g1-column g1-one-third g1-valign-top\">\n<p>W\u00e4hrend der Konzeptionsphase erfolgt unsere Beratung unkompliziert und flexibel. Von Beginn an beachten wir m\u00f6gliche Synergieeffekte f\u00fcr die Integration von vorhandenen Landscapes. F\u00fcr unsere Software im produktiven Einsatz bieten wir Service Level Agreements entsprechend Ihrer tats\u00e4chlichen Bed\u00fcrfnisse.<\/p>\n<p>Wir gewinnen Ihre Mitarbeiter sowohl \u00fcber Print- als auch mit New-Media-Kommunikation f\u00fcr Ver\u00e4nderungen im Arbeitsalltag. Als Kunde profitieren Sie so von unserem ganzheitlichen Ansatz.<\/p>\n<\/li><!-- -->\n<li class=\"g1-column g1-one-third g1-valign-top\">\n<\/li><!-- --><\/ul>\n<ul class=\"g1-grid\"><li class=\"g1-column g1-one-third g1-valign-top\">\n<\/li><!-- -->\n<li class=\"g1-column g1-one-third g1-valign-top\">\n<h3>Kompetenzen<\/h3>\n<\/li><!-- -->\n<li class=\"g1-column g1-one-third g1-valign-top\">\n<\/li><!-- --><\/ul>\n<ul class=\"g1-grid\"><li class=\"g1-column g1-one-third g1-valign-middle\">\n<blockquote><p>Unsere Kernkompetenz ist die Umsetzung von innovativen Ideen f\u00fcr Ihre Branche!<\/p><\/blockquote>\n<\/li><!-- -->\n<li class=\"g1-column g1-one-third g1-valign-top\">\n<p>Unsere Mitarbeiter verf\u00fcgen \u00fcber mehrj\u00e4hrige praktische Erfahrung in der B2B Softwareentwicklung bei der Umsetzung konkreter Use-Cases f\u00fcr die Bau- und Maschinenbau-Branche ebenso wie f\u00fcr innovative Start-Ups und traditionelle Gewerbe wie die Metallverarbeitung. Wir bieten Ihnen nicht nur individuelle Software, sondern unterst\u00fctzen Sie auch im Change Management und beim Roll-Out von neuer Software.<\/p>\n<p>Mit dem Transfer von Hochschulwissen auf konkrete Business Cases sind unsere Mitarbeiter am Puls der Zeit und mit aktuellen Technologien bestens vertraut. Zugleich profitieren wir von der Interdisziplinarit\u00e4t im Netzwerk der Kreativwirtschaft Rhein-Neckar und der Universit\u00e4t Heidelberg. Durch unsere N\u00e4he zu der studentischen Unternehmensberatung GalileiConsult e.V. k\u00f6nnen wir innovative Ideen in Absprache mit unseren Kunden auch mit kleineren Budgets realisieren.<\/p>\n<\/li><!-- -->\n<li class=\"g1-column g1-one-third g1-valign-top\">\n<\/li><!-- --><\/ul>\n<ul class=\"g1-grid\"><li class=\"g1-column g1-one-third g1-valign-middle\">\n<\/li><!-- -->\n<li class=\"g1-column g1-one-third g1-valign-bottom\">\n<p>&nbsp;<\/p>\n<p>Bitte habe Sie Verst\u00e4ndnis daf\u00fcr, dass wir aufgrund der neuen Datenschutzrichtlinien Referenzen an dieser Stelle ausblenden.<\/p>\n<\/li><!-- -->\n<li class=\"g1-column g1-one-third g1-valign-top\">\n<\/li><!-- --><\/ul>\n","protected":false},"excerpt":{"rendered":"","protected":false},"author":1,"featured_media":0,"parent":0,"menu_order":0,"comment_status":"closed","ping_status":"closed","template":"g1_template_page_full.php","meta":{"footnotes":""},"class_list":["post-1130","page","type-page","status-publish"],"_links":{"self":[{"href":"https:\/\/www.bis-heidelberg.de\/home\/wp-json\/wp\/v2\/pages\/1130","targetHints":{"allow":["GET"]}}],"collection":[{"href":"https:\/\/www.bis-heidelberg.de\/home\/wp-json\/wp\/v2\/pages"}],"about":[{"href":"https:\/\/www.bis-heidelberg.de\/home\/wp-json\/wp\/v2\/types\/page"}],"author":[{"embeddable":true,"href":"https:\/\/www.bis-heidelberg.de\/home\/wp-json\/wp\/v2\/users\/1"}],"replies":[{"embeddable":true,"href":"https:\/\/www.bis-heidelberg.de\/home\/wp-json\/wp\/v2\/comments?post=1130"}],"version-history":[{"count":64,"href":"https:\/\/www.bis-heidelberg.de\/home\/wp-json\/wp\/v2\/pages\/1130\/revisions"}],"predecessor-version":[{"id":1247,"href":"https:\/\/www.bis-heidelberg.de\/home\/wp-json\/wp\/v2\/pages\/1130\/revisions\/1247"}],"wp:attachment":[{"href":"https:\/\/www.bis-heidelberg.de\/home\/wp-json\/wp\/v2\/media?parent=1130"}],"curies":[{"name":"wp","href":"https:\/\/api.w.org\/{rel}","templated":true}]}}