{"id":1374,"date":"2025-07-18T18:25:40","date_gmt":"2025-07-18T16:25:40","guid":{"rendered":"https:\/\/www.bis-heidelberg.de\/home\/?page_id=1374"},"modified":"2025-07-18T21:23:29","modified_gmt":"2025-07-18T19:23:29","slug":"barrierefrei","status":"publish","type":"page","link":"https:\/\/www.bis-heidelberg.de\/home\/impressum\/barrierefrei\/","title":{"rendered":"Erkl\u00e4rung zur Barrierefreiheit"},"content":{"rendered":"<div id=\"g1-lead-1\" class=\"g1-lead \" >\n<p>Wir setzen uns daf\u00fcr ein, die digitale Barrierefreiheit f\u00fcr Menschen mit Einschr\u00e4nkungen zu gew\u00e4hrleisten. <br \/>Wir verbessern kontinuierlich die Benutzerfreundlichkeit f\u00fcr alle und wenden die entsprechenden Standards f\u00fcr die Zug\u00e4nglichkeit an.<\/p>\n<\/div>\n<p>Diese Erkl\u00e4rung zur Barrierefreiheit gilt f\u00fcr die unter\u00a0<a class=\"RichTextIntLink NavNode\" title=\"Startseite\" href=\"https:\/\/www.bis-heidelberg.de\/home\/\">www.bis-heidelberg.de<\/a>\u00a0ver\u00f6ffentlichte Webpr\u00e4senz.\u00a0<\/p>\n<h2>Konformit\u00e4tsstatus<\/h2>\n<p>Unser Angebot richtet sich nicht an Verbraucher. Die Ausnahmeregelungen des Barrierefreiheitsst\u00e4rkungsgesetz (BFSG) sind anzuwenden.<\/p>\n<h4>Aktueller Standard der Barrierefreiheit der Website<\/h4>\n<p>Die Pr\u00fcfung dieser Seite mit Google Lighthouse resultierte in einer Barrierefreiheit zu 89%.<\/p>\n<ul>\n<li>Das Kontrastverh\u00e4ltnis von Hintergrund- und Vordergrundfarben im Pre-Footer-Bereich ist aus optischen Gr\u00fcnden nicht ausreichend.<\/li>\n<li>Linktext, der erkennbar, einzigartig und fokussierbar ist, erleichtert Screenreader-Nutzern die Verwendung. Dies gilt auch f\u00fcr alternativen Text f\u00fcr Bilder, die als Links verwendet werden. Nicht alle Links haben einen leicht erkennbaren Namen.<\/li>\n<li>\u00dcberschriftenelemente sind aus optischen Gr\u00fcnden nicht in einer fortlaufenden absteigenden Reihenfolge angeordnet.<\/li>\n<\/ul>\n<h4>Aktueller Status der Inhaltskonformit\u00e4t<\/h4>\n<p>Unbekannt: Der Inhalt wurde nicht bewertet oder die Bewertungsergebnisse sind nicht verf\u00fcgbar.<\/p>\n<h2>Kompatibilit\u00e4t mit Browsern und unterst\u00fctzenden Technologien<\/h2>\n<p>Diese Website ist so konzipiert, dass sie mit den folgenden Browsern kompatibel ist:<\/p>\n<ul>\n<li>Microsoft Edge<\/li>\n<li>Google Chrome<\/li>\n<li>Firefox<\/li>\n<\/ul>\n<h2>Bewertungsmethoden<\/h2>\n<p>Wir haben die Barrierefreiheit dieser Website mit Hilfe der folgenden Methoden bewertet:<\/p>\n<ul>\n<li>Selbsteinsch\u00e4tzung: Die Website wurde intern von dem Unternehmen oder der Organisation bewertet.<\/li>\n<li>Initialer Test mit dem <a href=\"https:\/\/wave.webaim.org\/sitewide\" target=\"_blank\" rel=\"external noopener\">WAVE Accessibility Evaluation Tool<\/a>.<\/li>\n<li>Pr\u00fcfung dieser Seite mit Google Lighthouse (Ergebnis: Barrierefreiheit 89%).<\/li>\n<\/ul>\n\n\n<hr class=\"wp-block-separator has-alpha-channel-opacity\"\/>\n\n\n\n<p>Diese Erkl\u00e4rung wurde erstellt am 18.07.2025 unter Verwendung der&nbsp;<a href=\"https:\/\/siteimprove.com\/de\/toolkit\/accessibility-statement-generator\/\">Siteimprove Accessibility Statement Generator Tool<\/a>.<\/p>\n","protected":false},"excerpt":{"rendered":"<p>Diese Erkl\u00e4rung zur Barrierefreiheit gilt f\u00fcr die unter\u00a0www.bis-heidelberg.de\u00a0ver\u00f6ffentlichte Webpr\u00e4senz.\u00a0 Konformit\u00e4tsstatus Unser Angebot richtet sich nicht an Verbraucher. Die Ausnahmeregelungen des Barrierefreiheitsst\u00e4rkungsgesetz (BFSG) sind anzuwenden. Aktueller Standard der Barrierefreiheit der Website Die Pr\u00fcfung dieser Seite mit Google Lighthouse resultierte in einer Barrierefreiheit zu 89%. Das Kontrastverh\u00e4ltnis von Hintergrund- und Vordergrundfarben im Pre-Footer-Bereich ist aus optischen Gr\u00fcnden [&hellip;]<\/p>\n","protected":false},"author":1,"featured_media":0,"parent":6,"menu_order":8,"comment_status":"closed","ping_status":"closed","template":"","meta":{"footnotes":""},"class_list":["post-1374","page","type-page","status-publish"],"_links":{"self":[{"href":"https:\/\/www.bis-heidelberg.de\/home\/wp-json\/wp\/v2\/pages\/1374","targetHints":{"allow":["GET"]}}],"collection":[{"href":"https:\/\/www.bis-heidelberg.de\/home\/wp-json\/wp\/v2\/pages"}],"about":[{"href":"https:\/\/www.bis-heidelberg.de\/home\/wp-json\/wp\/v2\/types\/page"}],"author":[{"embeddable":true,"href":"https:\/\/www.bis-heidelberg.de\/home\/wp-json\/wp\/v2\/users\/1"}],"replies":[{"embeddable":true,"href":"https:\/\/www.bis-heidelberg.de\/home\/wp-json\/wp\/v2\/comments?post=1374"}],"version-history":[{"count":19,"href":"https:\/\/www.bis-heidelberg.de\/home\/wp-json\/wp\/v2\/pages\/1374\/revisions"}],"predecessor-version":[{"id":1405,"href":"https:\/\/www.bis-heidelberg.de\/home\/wp-json\/wp\/v2\/pages\/1374\/revisions\/1405"}],"up":[{"embeddable":true,"href":"https:\/\/www.bis-heidelberg.de\/home\/wp-json\/wp\/v2\/pages\/6"}],"wp:attachment":[{"href":"https:\/\/www.bis-heidelberg.de\/home\/wp-json\/wp\/v2\/media?parent=1374"}],"curies":[{"name":"wp","href":"https:\/\/api.w.org\/{rel}","templated":true}]}}