{"id":22,"date":"2014-02-27T22:58:52","date_gmt":"2014-02-27T21:58:52","guid":{"rendered":"http:\/\/www.bis-heidelberg.de\/home\/?page_id=22"},"modified":"2014-10-29T12:03:40","modified_gmt":"2014-10-29T11:03:40","slug":"homepage","status":"publish","type":"page","link":"https:\/\/www.bis-heidelberg.de\/home\/","title":{"rendered":"Homepage"},"content":{"rendered":"<style type=\"text\/css\" scoped=\"scoped\">#g1-section-1.g1-section {background-repeat:repeat; background-position:center top; background-attachment:static; padding-bottom:100px;}<\/style><div id=\"g1-section-1\" class=\"g1-section \"><div class=\"g1-layout-inner\">\n<div id=\"g1-lead-1\" class=\"g1-lead \" >\n<p>Begeistern Sie Ihre Mitarbeiter mit unseren Big-Data L\u00f6sungen f\u00fcr den Mittelstand. Erleben Sie die Vorz\u00fcge der modernen Datenverarbeitung in der Unternehmenskommunikation.<br \/>\nWir begleiten Sie von der Konzeption bis zur Implementierung von individueller Software f\u00fcr Business Intelligence L\u00f6sungen. Unser Schwerpunkt liegt auf der Steuerung von kleinen und gro\u00dfen Informationsmengen durch einfach zu bedienende User-Interfaces.<\/p>\n<\/div>\n<div id=\"g1-custom-posts-shortcode-1\" class=\"g1-custom-posts-shortcode g1-shortcode \">\n\n<!-- BEGIN: .g1-collection -->\n<div class=\"g1-collection g1-collection--grid g1-collection--one-third g1-collection--simple g1-effect-none\">\n    <ul><!-- --><li class=\"g1-collection__item\">\n        <article itemscope itemtype=\"http:\/\/schema.org\/BlogPosting\" id=\"post-254\" class=\"post-254 page type-page status-publish has-post-thumbnail g1_relation_tag-r-business-process-solutions g1-brief\">\n    <figure class=\"entry-featured-media\">\n<a href=\"https:\/\/www.bis-heidelberg.de\/home\/business-process-solutions\/\" id=\"g1-frame-1\" class=\"g1-frame g1-frame--none g1-frame--inherit g1-frame--center \"><span class=\"g1-decorator\">\n\t\t\t\t<img loading=\"lazy\" decoding=\"async\" width=\"320\" height=\"180\" src=\"https:\/\/www.bis-heidelberg.de\/home\/wp-content\/uploads\/2014\/06\/652552_web_R_by_Andrea-Damm_pixelio.de_-320x180.jpg\" class=\"attachment-g1_one_third size-g1_one_third wp-post-image\" alt=\"Business Process Solutions - Alte Br\u00fccke Heidelberg\" srcset=\"https:\/\/www.bis-heidelberg.de\/home\/wp-content\/uploads\/2014\/06\/652552_web_R_by_Andrea-Damm_pixelio.de_-320x180.jpg 320w, https:\/\/www.bis-heidelberg.de\/home\/wp-content\/uploads\/2014\/06\/652552_web_R_by_Andrea-Damm_pixelio.de_-239x134.jpg 239w\" sizes=\"auto, (max-width: 320px) 100vw, 320px\" \/>\n\t\t\t\t<span class=\"g1-indicator g1-indicator-document\"><\/span>\n<\/span><\/a>\n<\/figure>\n    <div class=\"g1-nonmedia\">\n        <div class=\"g1-inner\">\n            <header class=\"entry-header\">\n                <h3><a href=\"https:\/\/www.bis-heidelberg.de\/home\/business-process-solutions\/\" title=\"Business Process Solutions\" >Business Process Solutions<\/a><\/h3>                            <\/header><!-- .entry-header -->\n\n            \n            <footer class=\"entry-footer\">\n                \n                            <\/footer><!-- .entry-footer -->\n        <\/div>\n        <div class=\"g1-01\"><\/div>\n    <\/div>\n\n<\/article><!-- .post-XX -->    <\/li><!-- --><li class=\"g1-collection__item\">\n        <article itemscope itemtype=\"http:\/\/schema.org\/BlogPosting\" id=\"post-309\" class=\"post-309 page type-page status-publish has-post-thumbnail g1_relation_tag-r-corporate-communication g1-brief\">\n    <figure class=\"entry-featured-media\">\n<a href=\"https:\/\/www.bis-heidelberg.de\/home\/corporate-communication\/\" id=\"g1-frame-2\" class=\"g1-frame g1-frame--none g1-frame--inherit g1-frame--center \"><span class=\"g1-decorator\">\n\t\t\t\t<img loading=\"lazy\" decoding=\"async\" width=\"320\" height=\"180\" src=\"https:\/\/www.bis-heidelberg.de\/home\/wp-content\/uploads\/2014\/06\/bg_schlossfassade-320x180.jpg\" class=\"attachment-g1_one_third size-g1_one_third wp-post-image\" alt=\"Kommunikationswege verk\u00fcrzen - Schlossfassade Heidelberg\" srcset=\"https:\/\/www.bis-heidelberg.de\/home\/wp-content\/uploads\/2014\/06\/bg_schlossfassade-320x180.jpg 320w, https:\/\/www.bis-heidelberg.de\/home\/wp-content\/uploads\/2014\/06\/bg_schlossfassade-482x271.jpg 482w, https:\/\/www.bis-heidelberg.de\/home\/wp-content\/uploads\/2014\/06\/bg_schlossfassade-239x134.jpg 239w\" sizes=\"auto, (max-width: 320px) 100vw, 320px\" \/>\n\t\t\t\t<span class=\"g1-indicator g1-indicator-document\"><\/span>\n<\/span><\/a>\n<\/figure>\n    <div class=\"g1-nonmedia\">\n        <div class=\"g1-inner\">\n            <header class=\"entry-header\">\n                <h3><a href=\"https:\/\/www.bis-heidelberg.de\/home\/corporate-communication\/\" title=\"Corporate Communication\" >Corporate Communication<\/a><\/h3>                            <\/header><!-- .entry-header -->\n\n            \n            <footer class=\"entry-footer\">\n                \n                            <\/footer><!-- .entry-footer -->\n        <\/div>\n        <div class=\"g1-01\"><\/div>\n    <\/div>\n\n<\/article><!-- .post-XX -->    <\/li><!-- --><li class=\"g1-collection__item\">\n        <article itemscope itemtype=\"http:\/\/schema.org\/BlogPosting\" id=\"post-311\" class=\"post-311 page type-page status-publish has-post-thumbnail g1_relation_tag-r-information-consulting g1-brief\">\n    <figure class=\"entry-featured-media\">\n<a href=\"https:\/\/www.bis-heidelberg.de\/home\/information-consulting\/\" id=\"g1-frame-3\" class=\"g1-frame g1-frame--none g1-frame--inherit g1-frame--center \"><span class=\"g1-decorator\">\n\t\t\t\t<img loading=\"lazy\" decoding=\"async\" width=\"320\" height=\"180\" src=\"https:\/\/www.bis-heidelberg.de\/home\/wp-content\/uploads\/2014\/06\/405867_web_R_K_by_Ralph-Thomas-K\u00fchnle_pixelio.de_-320x180.jpg\" class=\"attachment-g1_one_third size-g1_one_third wp-post-image\" alt=\"Information Consulting - Fassade der Universit\u00e4tsbibliothek Heidelberg\" srcset=\"https:\/\/www.bis-heidelberg.de\/home\/wp-content\/uploads\/2014\/06\/405867_web_R_K_by_Ralph-Thomas-K\u00fchnle_pixelio.de_-320x180.jpg 320w, https:\/\/www.bis-heidelberg.de\/home\/wp-content\/uploads\/2014\/06\/405867_web_R_K_by_Ralph-Thomas-K\u00fchnle_pixelio.de_-239x134.jpg 239w\" sizes=\"auto, (max-width: 320px) 100vw, 320px\" \/>\n\t\t\t\t<span class=\"g1-indicator g1-indicator-document\"><\/span>\n<\/span><\/a>\n<\/figure>\n    <div class=\"g1-nonmedia\">\n        <div class=\"g1-inner\">\n            <header class=\"entry-header\">\n                <h3><a href=\"https:\/\/www.bis-heidelberg.de\/home\/information-consulting\/\" title=\"Information Consulting\" >Information Consulting<\/a><\/h3>                            <\/header><!-- .entry-header -->\n\n            \n            <footer class=\"entry-footer\">\n                \n                            <\/footer><!-- .entry-footer -->\n        <\/div>\n        <div class=\"g1-01\"><\/div>\n    <\/div>\n\n<\/article><!-- .post-XX -->    <\/li><!-- --><\/ul>\n<\/div>\n<!-- END: .g1-collection -->\n\n<\/div>\n<\/div><\/div>\n","protected":false},"excerpt":{"rendered":"","protected":false},"author":1,"featured_media":0,"parent":0,"menu_order":0,"comment_status":"closed","ping_status":"closed","template":"g1_template_page_full_sections.php","meta":{"footnotes":""},"class_list":{"0":"post-22","1":"page","2":"type-page","3":"status-publish","5":"g1-brief"},"_links":{"self":[{"href":"https:\/\/www.bis-heidelberg.de\/home\/wp-json\/wp\/v2\/pages\/22","targetHints":{"allow":["GET"]}}],"collection":[{"href":"https:\/\/www.bis-heidelberg.de\/home\/wp-json\/wp\/v2\/pages"}],"about":[{"href":"https:\/\/www.bis-heidelberg.de\/home\/wp-json\/wp\/v2\/types\/page"}],"author":[{"embeddable":true,"href":"https:\/\/www.bis-heidelberg.de\/home\/wp-json\/wp\/v2\/users\/1"}],"replies":[{"embeddable":true,"href":"https:\/\/www.bis-heidelberg.de\/home\/wp-json\/wp\/v2\/comments?post=22"}],"version-history":[{"count":222,"href":"https:\/\/www.bis-heidelberg.de\/home\/wp-json\/wp\/v2\/pages\/22\/revisions"}],"predecessor-version":[{"id":1205,"href":"https:\/\/www.bis-heidelberg.de\/home\/wp-json\/wp\/v2\/pages\/22\/revisions\/1205"}],"wp:attachment":[{"href":"https:\/\/www.bis-heidelberg.de\/home\/wp-json\/wp\/v2\/media?parent=22"}],"curies":[{"name":"wp","href":"https:\/\/api.w.org\/{rel}","templated":true}]}}