{"id":254,"date":"2014-05-19T15:32:13","date_gmt":"2014-05-19T13:32:13","guid":{"rendered":"http:\/\/www.bis-heidelberg.de\/stage\/?page_id=254"},"modified":"2014-07-22T02:49:08","modified_gmt":"2014-07-22T00:49:08","slug":"business-process-solutions","status":"publish","type":"page","link":"https:\/\/www.bis-heidelberg.de\/home\/business-process-solutions\/","title":{"rendered":"Business Process Solutions"},"content":{"rendered":"<ul class=\"g1-grid\"><li class=\"g1-column g1-one-half g1-valign-middle\">\n<a href=\"\/home\/wp-content\/uploads\/2014\/06\/652552_web_R_by_Andrea-Damm_pixelio.de_.jpg\" id=\"g1-frame-1\" class=\"g1-frame g1-frame--simple g1-frame--square g1-frame--left \" data-g1-lightbox=\"single\"><span class=\"g1-decorator\">\n\t\t\t\t<img decoding=\"async\" src=\"\/home\/wp-content\/uploads\/2014\/06\/652552_web_R_by_Andrea-Damm_pixelio.de_.jpg\" alt=\"\" \/>\n\t\t\t\t<span class=\"g1-indicator g1-indicator-zoom\"><\/span>\n<\/span><\/a>\n<\/li><!-- -->\n<li class=\"g1-column g1-one-half g1-valign-middle\">\n<h2>Prozesse verschlanken<\/h2>\n<hr \/>\n<div id=\"g1-lead-1\" class=\"g1-lead \" >\n<p>Vereinheitlichen Sie Ihre IT. Unterst\u00fctzen Sie wiederkehrende Gesch\u00e4ftsprozesse mit einer intelligenten Datenverarbeitung.<\/p>\n<\/div>\n<\/li><!-- --><\/ul>\n<div id=\"g1-divider-1\" class=\"g1-divider g1-divider--none g1-divider--icon \"><span><i class=\"icon-exchange\"><\/i><\/span><\/div>\n<h2>Profitieren Sie von den richtigen Tools f\u00fcr Ihre Anwendung.<\/h2>\n<ul class=\"g1-grid\"><li class=\"g1-column g1-three-fourth g1-valign-top\">\n<div id=\"g1-lead-2\" class=\"g1-lead \" >\n<p>Unser Schwerpunkt liegt in der Entwicklung von einfach zu bedienenden User-Interfaces zur Erfassung, Steuerung und Auswertung von kleinen und gro\u00dfen Datenmengen.<\/p>\n<\/div>\n<\/li><!-- -->\n<li class=\"g1-column g1-one-fourth g1-valign-top paddingright5px\">\n<\/li><!-- --><\/ul>\n<ul class=\"g1-grid\"><li class=\"g1-column g1-one-third g1-valign-top\">\n<ul class=\"g1-grid\"><li class=\"g1-column g1-five-sixth g1-valign-top\">\n<p>Nutzen Sie MS Project<sup>\u00ae<\/sup> tiefgreifender als nur f\u00fcr die Planung der Eins\u00e4tze Ihrer Ressourcen. Unsere funktionalen und einfach zu bedienende Add-Ons verwandeln Ihre tats\u00e4chlichen Bed\u00fcrfnisse in echte Mehrwerte f\u00fcr das Projektmanagement-Tool von Microsoft.<\/p>\n<p>Erkennen Sie das Potential von Big Data Methoden f\u00fcr das Reporting und die Aufbereitung von Informationen. Begeistern Sie sowohl Ihre Mitarbeiter als auch Ihre Gesch\u00e4ftsf\u00fchrung mit zentral steuerbarer Just-In-Time Kommunikation.<\/p>\n<p>Vermeiden Sie Parallelwelten. Wir verbinden eine zentrale Datenerfassung mit der system\u00fcbergreifenden Auswertung von vorhandenen Informationen. So nutzen Sie ohne Redundanzen die Vorteile der Standardsoftware der Firmen SAP<sup>\u00ae<\/sup> und Microsoft<sup>\u00ae<\/sup> und von Ihrer pr\u00e4ferierten Spezialsoftware.<\/p>\n<\/li><!-- -->\n<li class=\"g1-column g1-one-sixth g1-valign-top\">\n<\/li><!-- --><\/ul>\n<\/li><!-- -->\n<li class=\"g1-column g1-two-third g1-valign-top\">\n<div id=\"g1-custom-posts-shortcode-1\" class=\"g1-custom-posts-shortcode g1-shortcode \">\n\n<!-- BEGIN: .g1-collection -->\n<div class=\"g1-collection g1-collection--grid g1-collection--one-half g1-collection--simple g1-effect-none\">\n    <ul><!-- --><li class=\"g1-collection__item\">\n        <article itemscope itemtype=\"http:\/\/schema.org\/BlogPosting\" id=\"post-401\" class=\"post-401 g1_work type-g1_work status-publish format-standard g1_work_category-business-process-solutions g1_work_tag-android g1_work_tag-big-data g1_work_tag-business-intelligence g1_work_tag-collaborative-software g1_work_tag-ios g1_work_tag-it-consulting g1_work_tag-mobile-apps g1_work_tag-ms-project g1_work_tag-ms-reportingservices g1_relation_tag-r-business-process-solutions g1-brief\">\n    \n    <div class=\"g1-nonmedia\">\n        <div class=\"g1-inner\">\n            <header class=\"entry-header\">\n                <h3><a href=\"https:\/\/www.bis-heidelberg.de\/home\/portfolio\/business-intelligence\/\" title=\"Business Intelligence\" >Business Intelligence<\/a><\/h3>                            <\/header><!-- .entry-header -->\n\n            <div class=\"entry-summary\"><p>Statistische Auswertungen auf der Basis mathematischer Modelle sind eine valide Grundlage f\u00fcr operative und strategische Entscheidungen.<br \/>\nEine ideale Software erweitert die Informationsbasis, erm\u00f6glicht tiefgreifende Erkenntnisse und reduziert den Aufwand zur Dateneingabe und Auswertung.<\/p>\n<\/div>\n            <footer class=\"entry-footer\">\n                                <div class=\"g1-meta entry-terms\">\n                                        <div class=\"entry-tags\"><div><span>Tagged with:<\/span><ul><li><a href=\"https:\/\/www.bis-heidelberg.de\/home\/technologien\/android\/\" rel=\"tag\">AndroidTM<\/a><\/li><li><a href=\"https:\/\/www.bis-heidelberg.de\/home\/technologien\/big-data\/\" rel=\"tag\">Big Data<\/a><\/li><li><a href=\"https:\/\/www.bis-heidelberg.de\/home\/technologien\/business-intelligence\/\" rel=\"tag\">Business Intelligence<\/a><\/li><li><a href=\"https:\/\/www.bis-heidelberg.de\/home\/technologien\/collaborative-software\/\" rel=\"tag\">Collaborative Software<\/a><\/li><li><a href=\"https:\/\/www.bis-heidelberg.de\/home\/technologien\/ios\/\" rel=\"tag\">iOS&copy;<\/a><\/li><li><a href=\"https:\/\/www.bis-heidelberg.de\/home\/technologien\/it-consulting\/\" rel=\"tag\">IT Consulting<\/a><\/li><li><a href=\"https:\/\/www.bis-heidelberg.de\/home\/technologien\/mobile-apps\/\" rel=\"tag\">Mobile Apps<\/a><\/li><li><a href=\"https:\/\/www.bis-heidelberg.de\/home\/technologien\/ms-project\/\" rel=\"tag\">MS Project\u00ae<\/a><\/li><li><a href=\"https:\/\/www.bis-heidelberg.de\/home\/technologien\/ms-reportingservices\/\" rel=\"tag\">MS Reporting Services\u00ae<\/a><\/li><\/ul><\/div><\/div>                <\/div>\n                \n                                    <div>\n                        <a id=\"g1-button-1\" class=\"g1-button g1-button--small g1-button--solid g1-button--standard \" href=\"https:\/\/www.bis-heidelberg.de\/home\/portfolio\/business-intelligence\/\" >More<\/a>                    <\/div>\n                            <\/footer><!-- .entry-footer -->\n        <\/div>\n        <div class=\"g1-01\"><\/div>\n    <\/div>\n\n<\/article><!-- .post-XX -->    <\/li><!-- --><li class=\"g1-collection__item\">\n        <article itemscope itemtype=\"http:\/\/schema.org\/BlogPosting\" id=\"post-403\" class=\"post-403 g1_work type-g1_work status-publish format-standard g1_work_category-business-process-solutions g1_work_tag-business-intelligence g1_work_tag-collaborative-software g1_work_tag-ms-dotnet g1_work_tag-ms-project g1_work_tag-ms-reportingservices g1_relation_tag-r-business-process-solutions g1-brief\">\n    \n    <div class=\"g1-nonmedia\">\n        <div class=\"g1-inner\">\n            <header class=\"entry-header\">\n                <h3><a href=\"https:\/\/www.bis-heidelberg.de\/home\/portfolio\/project-management-applications\/\" title=\"Project Management Applications\" >Project Management Applications<\/a><\/h3>                            <\/header><!-- .entry-header -->\n\n            <div class=\"entry-summary\"><p>Mit Add-Ons f\u00fcr die weit verbreitete Microsoft<sup>&reg;<\/sup> Software MS Office<sup>&reg;<\/sup> und MS Project<sup>&reg;<\/sup> lassen sich wiederkehrende Abl\u00e4ufe einfach und effizient meistern.<br \/>\nIndividuell konzipierte Features f\u00fcr spezielle Anwendungen erg\u00e4nzen fehlende Funktionen in allen Microsoft<sup>&reg;<\/sup> Produkten. <\/p>\n<\/div>\n            <footer class=\"entry-footer\">\n                                <div class=\"g1-meta entry-terms\">\n                                        <div class=\"entry-tags\"><div><span>Tagged with:<\/span><ul><li><a href=\"https:\/\/www.bis-heidelberg.de\/home\/technologien\/business-intelligence\/\" rel=\"tag\">Business Intelligence<\/a><\/li><li><a href=\"https:\/\/www.bis-heidelberg.de\/home\/technologien\/collaborative-software\/\" rel=\"tag\">Collaborative Software<\/a><\/li><li><a href=\"https:\/\/www.bis-heidelberg.de\/home\/technologien\/ms-dotnet\/\" rel=\"tag\">MS .NET<\/a><\/li><li><a href=\"https:\/\/www.bis-heidelberg.de\/home\/technologien\/ms-project\/\" rel=\"tag\">MS Project\u00ae<\/a><\/li><li><a href=\"https:\/\/www.bis-heidelberg.de\/home\/technologien\/ms-reportingservices\/\" rel=\"tag\">MS Reporting Services\u00ae<\/a><\/li><\/ul><\/div><\/div>                <\/div>\n                \n                                    <div>\n                        <a id=\"g1-button-2\" class=\"g1-button g1-button--small g1-button--solid g1-button--standard \" href=\"https:\/\/www.bis-heidelberg.de\/home\/portfolio\/project-management-applications\/\" >More<\/a>                    <\/div>\n                            <\/footer><!-- .entry-footer -->\n        <\/div>\n        <div class=\"g1-01\"><\/div>\n    <\/div>\n\n<\/article><!-- .post-XX -->    <\/li><!-- --><li class=\"g1-collection__item\">\n        <article itemscope itemtype=\"http:\/\/schema.org\/BlogPosting\" id=\"post-405\" class=\"post-405 g1_work type-g1_work status-publish format-standard g1_work_category-business-process-solutions g1_work_tag-mobile-apps g1_work_tag-ms-dotnet g1_work_tag-ms-project g1_work_tag-ms-sharepoint g1_work_tag-sap g1_relation_tag-r-business-process-solutions g1-brief\">\n    \n    <div class=\"g1-nonmedia\">\n        <div class=\"g1-inner\">\n            <header class=\"entry-header\">\n                <h3><a href=\"https:\/\/www.bis-heidelberg.de\/home\/portfolio\/landscape-integration\/\" title=\"Landscape Integration\" >Landscape Integration<\/a><\/h3>                            <\/header><!-- .entry-header -->\n\n            <div class=\"entry-summary\"><p>Eine integrierte Datenverarbeitung verbindet Spezial- und Standardsoftware und l\u00e4sst parallele Welten zusammen wachsen.<br \/>\nDurch die zentrale Erfassung und Auswertung von Daten k\u00f6nnen h\u00f6here Skalenertr\u00e4ge erzielt werden.<\/p>\n<\/div>\n            <footer class=\"entry-footer\">\n                                <div class=\"g1-meta entry-terms\">\n                                        <div class=\"entry-tags\"><div><span>Tagged with:<\/span><ul><li><a href=\"https:\/\/www.bis-heidelberg.de\/home\/technologien\/mobile-apps\/\" rel=\"tag\">Mobile Apps<\/a><\/li><li><a href=\"https:\/\/www.bis-heidelberg.de\/home\/technologien\/ms-dotnet\/\" rel=\"tag\">MS .NET<\/a><\/li><li><a href=\"https:\/\/www.bis-heidelberg.de\/home\/technologien\/ms-project\/\" rel=\"tag\">MS Project\u00ae<\/a><\/li><li><a href=\"https:\/\/www.bis-heidelberg.de\/home\/technologien\/ms-sharepoint\/\" rel=\"tag\">MS Sharepoint\u00ae<\/a><\/li><li><a href=\"https:\/\/www.bis-heidelberg.de\/home\/technologien\/sap\/\" rel=\"tag\">SAP\u00ae<\/a><\/li><\/ul><\/div><\/div>                <\/div>\n                \n                                    <div>\n                        <a id=\"g1-button-3\" class=\"g1-button g1-button--small g1-button--solid g1-button--standard \" href=\"https:\/\/www.bis-heidelberg.de\/home\/portfolio\/landscape-integration\/\" >More<\/a>                    <\/div>\n                            <\/footer><!-- .entry-footer -->\n        <\/div>\n        <div class=\"g1-01\"><\/div>\n    <\/div>\n\n<\/article><!-- .post-XX -->    <\/li><!-- --><\/ul>\n<\/div>\n<!-- END: .g1-collection -->\n\n<\/div>\n<\/li><!-- --><\/ul>\n<div id=\"g1-divider-2\" class=\"g1-divider g1-divider--none g1-divider--icon \"><span><i class=\"icon-exchange\"><\/i><\/span><\/div>\n<ul class=\"g1-grid\"><li class=\"g1-column g1-one-third g1-valign-top\">\n<a id=\"g1-button-4\" class=\"g1-button g1-button--medium g1-button--solid g1-button--wide \" href=\"\/home\/business-process-solutions\/\" title=\"Business Process Solutions\" ><i class=\"icon-exchange\"><\/i>Business Process Solutions<\/a>\n<\/li><!-- -->\n<li class=\"g1-column g1-one-third g1-valign-top\">\n<a id=\"g1-button-5\" class=\"g1-button g1-button--medium g1-button--simple g1-button--wide \" href=\"\/home\/corporate-communication\/\" title=\"Corporate Communication\" ><i class=\"icon-comments-alt\"><\/i>Corporate Communication<\/a>\n<\/li><!-- -->\n<li class=\"g1-column g1-one-third g1-valign-top\">\n<a id=\"g1-button-6\" class=\"g1-button g1-button--medium g1-button--simple g1-button--wide \" href=\"\/home\/information-consulting\/\" title=\"Information Consulting\" ><i class=\"icon-plus-sign-alt\"><\/i>Information Consulting<\/a>\n<\/li><!-- --><\/ul>\n","protected":false},"excerpt":{"rendered":"<p>Profitieren Sie von den richtigen Tools f\u00fcr Ihre Anwendung.<\/p>\n","protected":false},"author":1,"featured_media":760,"parent":0,"menu_order":10,"comment_status":"closed","ping_status":"closed","template":"g1_template_page_full.php","meta":{"footnotes":""},"class_list":{"0":"post-254","1":"page","2":"type-page","3":"status-publish","4":"has-post-thumbnail","6":"g1_relation_tag-r-business-process-solutions","7":"g1-brief"},"_links":{"self":[{"href":"https:\/\/www.bis-heidelberg.de\/home\/wp-json\/wp\/v2\/pages\/254","targetHints":{"allow":["GET"]}}],"collection":[{"href":"https:\/\/www.bis-heidelberg.de\/home\/wp-json\/wp\/v2\/pages"}],"about":[{"href":"https:\/\/www.bis-heidelberg.de\/home\/wp-json\/wp\/v2\/types\/page"}],"author":[{"embeddable":true,"href":"https:\/\/www.bis-heidelberg.de\/home\/wp-json\/wp\/v2\/users\/1"}],"replies":[{"embeddable":true,"href":"https:\/\/www.bis-heidelberg.de\/home\/wp-json\/wp\/v2\/comments?post=254"}],"version-history":[{"count":48,"href":"https:\/\/www.bis-heidelberg.de\/home\/wp-json\/wp\/v2\/pages\/254\/revisions"}],"predecessor-version":[{"id":1064,"href":"https:\/\/www.bis-heidelberg.de\/home\/wp-json\/wp\/v2\/pages\/254\/revisions\/1064"}],"wp:featuredmedia":[{"embeddable":true,"href":"https:\/\/www.bis-heidelberg.de\/home\/wp-json\/wp\/v2\/media\/760"}],"wp:attachment":[{"href":"https:\/\/www.bis-heidelberg.de\/home\/wp-json\/wp\/v2\/media?parent=254"}],"curies":[{"name":"wp","href":"https:\/\/api.w.org\/{rel}","templated":true}]}}