{"id":309,"date":"2014-05-19T17:33:05","date_gmt":"2014-05-19T15:33:05","guid":{"rendered":"http:\/\/www.bis-heidelberg.de\/stage\/?page_id=309"},"modified":"2014-07-15T13:26:15","modified_gmt":"2014-07-15T11:26:15","slug":"corporate-communication","status":"publish","type":"page","link":"https:\/\/www.bis-heidelberg.de\/home\/corporate-communication\/","title":{"rendered":"Corporate Communication"},"content":{"rendered":"<ul class=\"g1-grid\"><li class=\"g1-column g1-one-half g1-valign-middle\">\n<a href=\"\/home\/wp-content\/uploads\/2014\/06\/422547_original_R_K_by_Mariocopa_pixelio.de_.small_.jpg\" id=\"g1-frame-1\" class=\"g1-frame g1-frame--simple g1-frame--square g1-frame--left \" data-g1-lightbox=\"single\"><span class=\"g1-decorator\">\n\t\t\t\t<img decoding=\"async\" src=\"\/home\/wp-content\/uploads\/2014\/06\/422547_original_R_K_by_Mariocopa_pixelio.de_.small_.jpg\" alt=\"\" \/>\n\t\t\t\t<span class=\"g1-indicator g1-indicator-zoom\"><\/span>\n<\/span><\/a>\n<\/li><!-- -->\n<li class=\"g1-column g1-one-half g1-valign-middle\">\n<h2>Kommunikationswege verk\u00fcrzen<\/h2>\n<hr \/>\n<div id=\"g1-lead-1\" class=\"g1-lead \" >\n<p>Vernetzen Sie Ihre Mitarbeiter. Profitieren Sie von modernen Technologien, standort\u00fcbergreifend und teamorientiert.<\/p>\n<\/div>\n<\/li><!-- --><\/ul>\n<div id=\"g1-divider-1\" class=\"g1-divider g1-divider--none g1-divider--icon \"><span><i class=\"icon-comments-alt\"><\/i><\/span><\/div>\n<h2>Beschleunigen Sie Ihren Workflow.<\/h2>\n<ul class=\"g1-grid\"><li class=\"g1-column g1-three-fourth g1-valign-top\">\n<div id=\"g1-lead-2\" class=\"g1-lead \" >\n<p>Unsere Produkte sind individuelle Applikationen und Addins f\u00fcr Produkte von Microsoft<sup>\u00ae<\/sup> und f\u00fcr mobile Endger\u00e4te zur Implementierung von Business Intelligence und Big Data Methoden.<\/p>\n<\/div>\n<\/li><!-- -->\n<li class=\"g1-column g1-one-fourth g1-valign-top\">\n<\/li><!-- --><\/ul>\n<ul class=\"g1-grid\"><li class=\"g1-column g1-one-third g1-valign-top\">\n<ul class=\"g1-grid\"><li class=\"g1-column g1-five-sixth g1-valign-top\">\n<p>Die Kommunikation innerhalb eines Unternehmens ist oft vielschichtig und indirekt. Ein Anlass hierf\u00fcr ist die organische Aufteilung in Abteilungen, etwa der Differenzierung von Innen- und Au\u00dfendienst. Oft verlieren sich Informationen jedoch auch in der Verteilung \u00fcber mehrere Standorte.<\/p>\n<p>Vereinfachen Sie Ihre unternehmensinterne Kommunikation mit modernen Applikationen f\u00fcr mobiles und klassisches Intranet. Wir verbinden Ihre Mitarbeiter in der Fertigung und im Au\u00dfendienst mit der kaufm\u00e4nnischen Abteilung und der Unternehmensf\u00fchrung.<\/p>\n<p>Mit unseren Tools verbessern Sie die Kommunikation in Ihrem Unternehmen. Ihre Mitarbeiter erhalten die richtigen Informationen zum richtigen Zeitpunkt. Ganz gleich, ob es dabei um die Verwaltung Ihrer elektronischen Dokumente mit Sharepoint<sup>\u00a9<\/sup> oder um die effiziente Verbreitung von Informationen auf das Smartphone Ihrer Mitarbeiter geht.<\/p>\n<\/li><!-- -->\n<li class=\"g1-column g1-one-sixth g1-valign-top\">\n<\/li><!-- --><\/ul>\n<\/li><!-- -->\n<li class=\"g1-column g1-two-third g1-valign-top\">\n<div id=\"g1-custom-posts-shortcode-1\" class=\"g1-custom-posts-shortcode g1-shortcode \">\n\n<!-- BEGIN: .g1-collection -->\n<div class=\"g1-collection g1-collection--grid g1-collection--one-half g1-collection--simple g1-effect-none\">\n    <ul><!-- --><li class=\"g1-collection__item\">\n        <article itemscope itemtype=\"http:\/\/schema.org\/BlogPosting\" id=\"post-363\" class=\"post-363 g1_work type-g1_work status-publish format-standard g1_work_category-corporate-communication g1_work_tag-android g1_work_tag-big-data g1_work_tag-business-intelligence g1_work_tag-collaborative-software g1_work_tag-ios g1_work_tag-mobile-apps g1_work_tag-ms-reportingservices g1_relation_tag-r-corporate-communication g1-brief\">\n    \n    <div class=\"g1-nonmedia\">\n        <div class=\"g1-inner\">\n            <header class=\"entry-header\">\n                <h3><a href=\"https:\/\/www.bis-heidelberg.de\/home\/portfolio\/mobile-reporting-applications\/\" title=\"Mobile Reporting Applications\" >Mobile Reporting Applications<\/a><\/h3>                            <\/header><!-- .entry-header -->\n\n            <div class=\"entry-summary\"><p>Mobile Reporting Applications sind interaktiv gestaltete, zeitsparend nutzbare Software f\u00fcr die weltweite Kollaboration Ihrer Mitarbeiter.<br \/>\nDie L\u00f6sungen sind speziell zugeschnitten auf individuelle Use-Cases und verf\u00fcgen \u00fcber standardisierte Schnittstellen zu Microsoft<sup>&reg;<\/sup> Produkten und SAP<sup>&reg;<\/sup> Anwendungen. <\/p>\n<\/div>\n            <footer class=\"entry-footer\">\n                                <div class=\"g1-meta entry-terms\">\n                                        <div class=\"entry-tags\"><div><span>Tagged with:<\/span><ul><li><a href=\"https:\/\/www.bis-heidelberg.de\/home\/technologien\/android\/\" rel=\"tag\">AndroidTM<\/a><\/li><li><a href=\"https:\/\/www.bis-heidelberg.de\/home\/technologien\/big-data\/\" rel=\"tag\">Big Data<\/a><\/li><li><a href=\"https:\/\/www.bis-heidelberg.de\/home\/technologien\/business-intelligence\/\" rel=\"tag\">Business Intelligence<\/a><\/li><li><a href=\"https:\/\/www.bis-heidelberg.de\/home\/technologien\/collaborative-software\/\" rel=\"tag\">Collaborative Software<\/a><\/li><li><a href=\"https:\/\/www.bis-heidelberg.de\/home\/technologien\/ios\/\" rel=\"tag\">iOS&copy;<\/a><\/li><li><a href=\"https:\/\/www.bis-heidelberg.de\/home\/technologien\/mobile-apps\/\" rel=\"tag\">Mobile Apps<\/a><\/li><li><a href=\"https:\/\/www.bis-heidelberg.de\/home\/technologien\/ms-reportingservices\/\" rel=\"tag\">MS Reporting Services\u00ae<\/a><\/li><\/ul><\/div><\/div>                <\/div>\n                \n                                    <div>\n                        <a id=\"g1-button-1\" class=\"g1-button g1-button--small g1-button--solid g1-button--standard \" href=\"https:\/\/www.bis-heidelberg.de\/home\/portfolio\/mobile-reporting-applications\/\" >More<\/a>                    <\/div>\n                            <\/footer><!-- .entry-footer -->\n        <\/div>\n        <div class=\"g1-01\"><\/div>\n    <\/div>\n\n<\/article><!-- .post-XX -->    <\/li><!-- --><li class=\"g1-collection__item\">\n        <article itemscope itemtype=\"http:\/\/schema.org\/BlogPosting\" id=\"post-369\" class=\"post-369 g1_work type-g1_work status-publish format-standard g1_work_category-corporate-communication g1_work_tag-android g1_work_tag-business-intelligence g1_work_tag-collaborative-software g1_work_tag-ios g1_work_tag-mobile-apps g1_work_tag-ms-sharepoint g1_relation_tag-r-corporate-communication g1-brief\">\n    \n    <div class=\"g1-nonmedia\">\n        <div class=\"g1-inner\">\n            <header class=\"entry-header\">\n                <h3><a href=\"https:\/\/www.bis-heidelberg.de\/home\/portfolio\/corporate-collaboration\/\" title=\"Corporate Collaboration\" >Corporate Collaboration<\/a><\/h3>                            <\/header><!-- .entry-header -->\n\n            <div class=\"entry-summary\"><p>Erarbeitetes Wissen wird mit den Content Management Systemen MS Sharepoint<sup>&reg;<\/sup> oder Alfresco<sup>&reg;<\/sup> effizient verbreitet und archiviert.<br \/>\nAktuelle Announcements \u00fcber mobile Anwendungen erg\u00e4nzen das bew\u00e4hrte &#8222;Schwarze Brett&#8220;. Die Akzeptanz unter den Mitarbeitern steht dabei im Vordergrund.  <\/p>\n<\/div>\n            <footer class=\"entry-footer\">\n                                <div class=\"g1-meta entry-terms\">\n                                        <div class=\"entry-tags\"><div><span>Tagged with:<\/span><ul><li><a href=\"https:\/\/www.bis-heidelberg.de\/home\/technologien\/android\/\" rel=\"tag\">AndroidTM<\/a><\/li><li><a href=\"https:\/\/www.bis-heidelberg.de\/home\/technologien\/business-intelligence\/\" rel=\"tag\">Business Intelligence<\/a><\/li><li><a href=\"https:\/\/www.bis-heidelberg.de\/home\/technologien\/collaborative-software\/\" rel=\"tag\">Collaborative Software<\/a><\/li><li><a href=\"https:\/\/www.bis-heidelberg.de\/home\/technologien\/ios\/\" rel=\"tag\">iOS&copy;<\/a><\/li><li><a href=\"https:\/\/www.bis-heidelberg.de\/home\/technologien\/mobile-apps\/\" rel=\"tag\">Mobile Apps<\/a><\/li><li><a href=\"https:\/\/www.bis-heidelberg.de\/home\/technologien\/ms-sharepoint\/\" rel=\"tag\">MS Sharepoint\u00ae<\/a><\/li><\/ul><\/div><\/div>                <\/div>\n                \n                                    <div>\n                        <a id=\"g1-button-2\" class=\"g1-button g1-button--small g1-button--solid g1-button--standard \" href=\"https:\/\/www.bis-heidelberg.de\/home\/portfolio\/corporate-collaboration\/\" >More<\/a>                    <\/div>\n                            <\/footer><!-- .entry-footer -->\n        <\/div>\n        <div class=\"g1-01\"><\/div>\n    <\/div>\n\n<\/article><!-- .post-XX -->    <\/li><!-- --><li class=\"g1-collection__item\">\n        <article itemscope itemtype=\"http:\/\/schema.org\/BlogPosting\" id=\"post-367\" class=\"post-367 g1_work type-g1_work status-publish format-standard g1_work_category-corporate-communication g1_work_tag-big-data g1_work_tag-it-consulting g1_work_tag-ms-reportingservices g1_work_tag-ms-sharepoint g1_relation_tag-r-corporate-communication g1-brief\">\n    \n    <div class=\"g1-nonmedia\">\n        <div class=\"g1-inner\">\n            <header class=\"entry-header\">\n                <h3><a href=\"https:\/\/www.bis-heidelberg.de\/home\/portfolio\/management-reporting\/\" title=\"Management Reporting\" >Management Reporting<\/a><\/h3>                            <\/header><!-- .entry-header -->\n\n            <div class=\"entry-summary\"><p>Ein effizientes Reporting als Grundlage f\u00fcr handfeste Entscheidungen beruht auf der analytischen Aufbereitung von Daten aus vielen Informationsquellen.<br \/>\nIm Vordergrund steht dabei die aussagekr\u00e4ftige und optisch ansprechende Pr\u00e4sentation von Zahlen und Fakten, etwa f\u00fcr die kommende Budgetphase, f\u00fcr den Quartalsabschluss oder \u00fcber den Fortschritt eines Projekts.<\/p>\n<\/div>\n            <footer class=\"entry-footer\">\n                                <div class=\"g1-meta entry-terms\">\n                                        <div class=\"entry-tags\"><div><span>Tagged with:<\/span><ul><li><a href=\"https:\/\/www.bis-heidelberg.de\/home\/technologien\/big-data\/\" rel=\"tag\">Big Data<\/a><\/li><li><a href=\"https:\/\/www.bis-heidelberg.de\/home\/technologien\/it-consulting\/\" rel=\"tag\">IT Consulting<\/a><\/li><li><a href=\"https:\/\/www.bis-heidelberg.de\/home\/technologien\/ms-reportingservices\/\" rel=\"tag\">MS Reporting Services\u00ae<\/a><\/li><li><a href=\"https:\/\/www.bis-heidelberg.de\/home\/technologien\/ms-sharepoint\/\" rel=\"tag\">MS Sharepoint\u00ae<\/a><\/li><\/ul><\/div><\/div>                <\/div>\n                \n                                    <div>\n                        <a id=\"g1-button-3\" class=\"g1-button g1-button--small g1-button--solid g1-button--standard \" href=\"https:\/\/www.bis-heidelberg.de\/home\/portfolio\/management-reporting\/\" >More<\/a>                    <\/div>\n                            <\/footer><!-- .entry-footer -->\n        <\/div>\n        <div class=\"g1-01\"><\/div>\n    <\/div>\n\n<\/article><!-- .post-XX -->    <\/li><!-- --><li class=\"g1-collection__item\">\n        <article itemscope itemtype=\"http:\/\/schema.org\/BlogPosting\" id=\"post-365\" class=\"post-365 g1_work type-g1_work status-publish format-standard g1_work_category-corporate-communication g1_work_tag-android g1_work_tag-collaborative-software g1_work_tag-ios g1_work_tag-mobile-apps g1_work_tag-ms-dotnet g1_work_tag-ms-sharepoint g1_relation_tag-r-corporate-communication g1-brief\">\n    \n    <div class=\"g1-nonmedia\">\n        <div class=\"g1-inner\">\n            <header class=\"entry-header\">\n                <h3><a href=\"https:\/\/www.bis-heidelberg.de\/home\/portfolio\/web-development\/\" title=\"Web Development\" >Web Development<\/a><\/h3>                            <\/header><!-- .entry-header -->\n\n            <div class=\"entry-summary\"><p>Moderne Technologien erm\u00f6glichen die effiziente Verbreitung von relevanten Informationen zur richtigen Zeit an die richtigen Adressaten. Neben klassischen Intranetseiten er\u00f6ffnen Smartphones und Tablet PCs geradezu revolution\u00e4re M\u00f6glichkeiten zur passiven Kommunikation. Die Sicherheit von internen Daten steht dabei an erster Stelle.<\/p>\n<\/div>\n            <footer class=\"entry-footer\">\n                                <div class=\"g1-meta entry-terms\">\n                                        <div class=\"entry-tags\"><div><span>Tagged with:<\/span><ul><li><a href=\"https:\/\/www.bis-heidelberg.de\/home\/technologien\/android\/\" rel=\"tag\">AndroidTM<\/a><\/li><li><a href=\"https:\/\/www.bis-heidelberg.de\/home\/technologien\/collaborative-software\/\" rel=\"tag\">Collaborative Software<\/a><\/li><li><a href=\"https:\/\/www.bis-heidelberg.de\/home\/technologien\/ios\/\" rel=\"tag\">iOS&copy;<\/a><\/li><li><a href=\"https:\/\/www.bis-heidelberg.de\/home\/technologien\/mobile-apps\/\" rel=\"tag\">Mobile Apps<\/a><\/li><li><a href=\"https:\/\/www.bis-heidelberg.de\/home\/technologien\/ms-dotnet\/\" rel=\"tag\">MS .NET<\/a><\/li><li><a href=\"https:\/\/www.bis-heidelberg.de\/home\/technologien\/ms-sharepoint\/\" rel=\"tag\">MS Sharepoint\u00ae<\/a><\/li><\/ul><\/div><\/div>                <\/div>\n                \n                                    <div>\n                        <a id=\"g1-button-4\" class=\"g1-button g1-button--small g1-button--solid g1-button--standard \" href=\"https:\/\/www.bis-heidelberg.de\/home\/portfolio\/web-development\/\" >More<\/a>                    <\/div>\n                            <\/footer><!-- .entry-footer -->\n        <\/div>\n        <div class=\"g1-01\"><\/div>\n    <\/div>\n\n<\/article><!-- .post-XX -->    <\/li><!-- --><\/ul>\n<\/div>\n<!-- END: .g1-collection -->\n\n<\/div>\n<\/li><!-- --><\/ul>\n<div id=\"g1-divider-2\" class=\"g1-divider g1-divider--none g1-divider--icon \"><span><i class=\"icon-comments-alt\"><\/i><\/span><\/div>\n<ul class=\"g1-grid\"><li class=\"g1-column g1-one-third g1-valign-top\">\n<a id=\"g1-button-5\" class=\"g1-button g1-button--medium g1-button--simple g1-button--wide \" href=\"\/home\/business-process-solutions\/\" title=\"Business Process Solutions\" ><i class=\"icon-exchange\"><\/i>Business Process Solutions<\/a>\n<\/li><!-- -->\n<li class=\"g1-column g1-one-third g1-valign-top\">\n<a id=\"g1-button-6\" class=\"g1-button g1-button--medium g1-button--solid g1-button--wide \" href=\"\/home\/corporate-communication\/\" title=\"Corporate Communication\" ><i class=\"icon-comments\"><\/i>Corporate Communication<\/a>\n<\/li><!-- -->\n<li class=\"g1-column g1-one-third g1-valign-top\">\n<a id=\"g1-button-7\" class=\"g1-button g1-button--medium g1-button--simple g1-button--wide \" href=\"\/home\/information-consulting\/\" title=\"Information Consulting\" ><i class=\"icon-plus-sign-alt\"><\/i>Information Consulting<\/a>\n<\/li><!-- --><\/ul>\n","protected":false},"excerpt":{"rendered":"<p>Beschleunigen Sie Ihren Workflow.<\/p>\n","protected":false},"author":1,"featured_media":692,"parent":0,"menu_order":20,"comment_status":"closed","ping_status":"closed","template":"g1_template_page_full.php","meta":{"footnotes":""},"class_list":{"0":"post-309","1":"page","2":"type-page","3":"status-publish","4":"has-post-thumbnail","6":"g1_relation_tag-r-corporate-communication","7":"g1-brief"},"_links":{"self":[{"href":"https:\/\/www.bis-heidelberg.de\/home\/wp-json\/wp\/v2\/pages\/309","targetHints":{"allow":["GET"]}}],"collection":[{"href":"https:\/\/www.bis-heidelberg.de\/home\/wp-json\/wp\/v2\/pages"}],"about":[{"href":"https:\/\/www.bis-heidelberg.de\/home\/wp-json\/wp\/v2\/types\/page"}],"author":[{"embeddable":true,"href":"https:\/\/www.bis-heidelberg.de\/home\/wp-json\/wp\/v2\/users\/1"}],"replies":[{"embeddable":true,"href":"https:\/\/www.bis-heidelberg.de\/home\/wp-json\/wp\/v2\/comments?post=309"}],"version-history":[{"count":68,"href":"https:\/\/www.bis-heidelberg.de\/home\/wp-json\/wp\/v2\/pages\/309\/revisions"}],"predecessor-version":[{"id":1021,"href":"https:\/\/www.bis-heidelberg.de\/home\/wp-json\/wp\/v2\/pages\/309\/revisions\/1021"}],"wp:featuredmedia":[{"embeddable":true,"href":"https:\/\/www.bis-heidelberg.de\/home\/wp-json\/wp\/v2\/media\/692"}],"wp:attachment":[{"href":"https:\/\/www.bis-heidelberg.de\/home\/wp-json\/wp\/v2\/media?parent=309"}],"curies":[{"name":"wp","href":"https:\/\/api.w.org\/{rel}","templated":true}]}}