{"id":311,"date":"2014-05-19T17:34:47","date_gmt":"2014-05-19T15:34:47","guid":{"rendered":"http:\/\/www.bis-heidelberg.de\/stage\/?page_id=311"},"modified":"2014-07-15T23:59:54","modified_gmt":"2014-07-15T21:59:54","slug":"information-consulting","status":"publish","type":"page","link":"https:\/\/www.bis-heidelberg.de\/home\/information-consulting\/","title":{"rendered":"Information Consulting"},"content":{"rendered":"<ul class=\"g1-grid\"><li class=\"g1-column g1-one-half g1-valign-middle\">\n<a href=\"\/home\/wp-content\/uploads\/2014\/06\/405867_web_R_K_by_Ralph-Thomas-K\u00fchnle_pixelio.de_.jpg\" id=\"g1-frame-1\" class=\"g1-frame g1-frame--simple g1-frame--square g1-frame--left \" data-g1-lightbox=\"single\"><span class=\"g1-decorator\">\n\t\t\t\t<img decoding=\"async\" src=\"\/home\/wp-content\/uploads\/2014\/06\/405867_web_R_K_by_Ralph-Thomas-K\u00fchnle_pixelio.de_.jpg\" alt=\"\" \/>\n\t\t\t\t<span class=\"g1-indicator g1-indicator-zoom\"><\/span>\n<\/span><\/a>\n<\/li><!-- -->\n<li class=\"g1-column g1-one-half g1-valign-middle\">\n<h2>Signale verstehen<\/h2>\n<hr \/>\n<div id=\"g1-lead-1\" class=\"g1-lead \" >\n<p>Generieren Sie Mehrwerte. Nutzen Sie vorhandene Daten mit intelligenten Kommunikations- und Big Data-Strategien.<\/p>\n<\/div>\n<\/li><!-- --><\/ul>\n<div id=\"g1-divider-1\" class=\"g1-divider g1-divider--none g1-divider--icon \"><span><i class=\"icon-plus-sign-alt\"><\/i><\/span><\/div>\n<h2>Verbessern Sie Ihren Informationsflu\u00df.<\/h2>\n<ul class=\"g1-grid\"><li class=\"g1-column g1-three-fourth g1-valign-top\">\n<div id=\"g1-lead-2\" class=\"g1-lead \" >\n<p>Wir begleiten Sie von der Konzeption bis zur Implementierung von individueller Software f\u00fcr Business Intelligence L\u00f6sungen und zur Unternehmenskommunikation.<\/p>\n<\/div>\n<\/li><!-- -->\n<li class=\"g1-column g1-one-fourth g1-valign-top paddingright5px\">\n<\/li><!-- --><\/ul>\n<ul class=\"g1-grid\"><li class=\"g1-column g1-one-third g1-valign-top\">\n<ul class=\"g1-grid\"><li class=\"g1-column g1-five-sixth g1-valign-top\">\n<p>Als verl\u00e4sslicher Partner in der implementierenden Beratung beginnt unser Auftrag bei der Definition von Anforderungen und dem Aufzeigen von Ans\u00e4tzen zur L\u00f6sung von bekannten Problemen und noch nicht entdeckten Chancen.<\/p>\n<p>Zusammen mit Ihnen finden wir die intelligente Strategie f\u00fcr den Informationsflu\u00df in Ihrem Unternehmen. Unser Fokus liegt in der Identifikation von relevanten Datenstr\u00f6men. Daraus leiten wir die ideale IT-basierte L\u00f6sung ab.<\/p>\n<p>Anders als reine Strategieberatungen sehen wir uns in der Verantwortung, Sie auch bei der Umsetzung unserer Vorschl\u00e4ge zu begleiten. Mit individuellen Trainings und langfristigen Support Level Agreements f\u00fcr unsere L\u00f6sungen garantieren wir die maximale Akzeptanz unter Ihren Mitarbeitern.<\/p>\n<\/li><!-- -->\n<li class=\"g1-column g1-one-sixth g1-valign-top\">\n<\/li><!-- --><\/ul>\n<\/li><!-- -->\n<li class=\"g1-column g1-two-third g1-valign-top\">\n<div id=\"g1-custom-posts-shortcode-1\" class=\"g1-custom-posts-shortcode g1-shortcode \">\n\n<!-- BEGIN: .g1-collection -->\n<div class=\"g1-collection g1-collection--grid g1-collection--one-half g1-collection--simple g1-effect-none\">\n    <ul><!-- --><li class=\"g1-collection__item\">\n        <article itemscope itemtype=\"http:\/\/schema.org\/BlogPosting\" id=\"post-414\" class=\"post-414 g1_work type-g1_work status-publish format-standard g1_work_category-information-consulting g1_work_tag-big-data g1_work_tag-business-intelligence g1_work_tag-it-consulting g1_work_tag-ms-reportingservices g1_work_tag-sap g1_relation_tag-r-information-consulting g1-brief\">\n    \n    <div class=\"g1-nonmedia\">\n        <div class=\"g1-inner\">\n            <header class=\"entry-header\">\n                <h3><a href=\"https:\/\/www.bis-heidelberg.de\/home\/portfolio\/reporting-and-data-warehouse\/\" title=\"Big Data Warehouse\" >Big Data Warehouse<\/a><\/h3>                            <\/header><!-- .entry-header -->\n\n            <div class=\"entry-summary\"><p>Die Identifikation von Kennzahlen aus integrierten Daten unterschiedlicher Herkunft sorgt f\u00fcr ein effizientes Reporting und f\u00fcr handfeste Entscheidungen.<br \/>\nStatistische &#8222;Big Data&#8220;-Modelle erm\u00f6glichen valide Prognosen, etwa \u00fcber zuk\u00fcnftige Absatzzahlen oder \u00fcber Ausfallwahrscheinlichkeiten.<\/p>\n<\/div>\n            <footer class=\"entry-footer\">\n                                <div class=\"g1-meta entry-terms\">\n                                        <div class=\"entry-tags\"><div><span>Tagged with:<\/span><ul><li><a href=\"https:\/\/www.bis-heidelberg.de\/home\/technologien\/big-data\/\" rel=\"tag\">Big Data<\/a><\/li><li><a href=\"https:\/\/www.bis-heidelberg.de\/home\/technologien\/business-intelligence\/\" rel=\"tag\">Business Intelligence<\/a><\/li><li><a href=\"https:\/\/www.bis-heidelberg.de\/home\/technologien\/it-consulting\/\" rel=\"tag\">IT Consulting<\/a><\/li><li><a href=\"https:\/\/www.bis-heidelberg.de\/home\/technologien\/ms-reportingservices\/\" rel=\"tag\">MS Reporting Services\u00ae<\/a><\/li><li><a href=\"https:\/\/www.bis-heidelberg.de\/home\/technologien\/sap\/\" rel=\"tag\">SAP\u00ae<\/a><\/li><\/ul><\/div><\/div>                <\/div>\n                \n                                    <div>\n                        <a id=\"g1-button-1\" class=\"g1-button g1-button--small g1-button--solid g1-button--standard \" href=\"https:\/\/www.bis-heidelberg.de\/home\/portfolio\/reporting-and-data-warehouse\/\" >More<\/a>                    <\/div>\n                            <\/footer><!-- .entry-footer -->\n        <\/div>\n        <div class=\"g1-01\"><\/div>\n    <\/div>\n\n<\/article><!-- .post-XX -->    <\/li><!-- --><li class=\"g1-collection__item\">\n        <article itemscope itemtype=\"http:\/\/schema.org\/BlogPosting\" id=\"post-412\" class=\"post-412 g1_work type-g1_work status-publish format-standard g1_work_category-information-consulting g1_work_tag-business-intelligence g1_work_tag-collaborative-software g1_work_tag-it-consulting g1_work_tag-ms-dotnet g1_work_tag-ms-project g1_work_tag-ms-sharepoint g1_relation_tag-r-information-consulting g1-brief\">\n    \n    <div class=\"g1-nonmedia\">\n        <div class=\"g1-inner\">\n            <header class=\"entry-header\">\n                <h3><a href=\"https:\/\/www.bis-heidelberg.de\/home\/portfolio\/project-management\/\" title=\"Project Management\" >Project Management<\/a><\/h3>                            <\/header><!-- .entry-header -->\n\n            <div class=\"entry-summary\"><p>Nachhaltiges Projektmanagement beginnt bereits in der Angebotsphase und bietet jederzeit den \u00dcberblick \u00fcber den aktuellen Stand eines Vorhabens.<br \/>\nF\u00fcr gr\u00f6\u00dfere oder langfristige Vorhaben bietet MS Project<sup>&reg;<\/sup> eine ideale Basis zur Planung und dem Controlling jeder Unternehmung. <\/p>\n<\/div>\n            <footer class=\"entry-footer\">\n                                <div class=\"g1-meta entry-terms\">\n                                        <div class=\"entry-tags\"><div><span>Tagged with:<\/span><ul><li><a href=\"https:\/\/www.bis-heidelberg.de\/home\/technologien\/business-intelligence\/\" rel=\"tag\">Business Intelligence<\/a><\/li><li><a href=\"https:\/\/www.bis-heidelberg.de\/home\/technologien\/collaborative-software\/\" rel=\"tag\">Collaborative Software<\/a><\/li><li><a href=\"https:\/\/www.bis-heidelberg.de\/home\/technologien\/it-consulting\/\" rel=\"tag\">IT Consulting<\/a><\/li><li><a href=\"https:\/\/www.bis-heidelberg.de\/home\/technologien\/ms-dotnet\/\" rel=\"tag\">MS .NET<\/a><\/li><li><a href=\"https:\/\/www.bis-heidelberg.de\/home\/technologien\/ms-project\/\" rel=\"tag\">MS Project\u00ae<\/a><\/li><li><a href=\"https:\/\/www.bis-heidelberg.de\/home\/technologien\/ms-sharepoint\/\" rel=\"tag\">MS Sharepoint\u00ae<\/a><\/li><\/ul><\/div><\/div>                <\/div>\n                \n                                    <div>\n                        <a id=\"g1-button-2\" class=\"g1-button g1-button--small g1-button--solid g1-button--standard \" href=\"https:\/\/www.bis-heidelberg.de\/home\/portfolio\/project-management\/\" >More<\/a>                    <\/div>\n                            <\/footer><!-- .entry-footer -->\n        <\/div>\n        <div class=\"g1-01\"><\/div>\n    <\/div>\n\n<\/article><!-- .post-XX -->    <\/li><!-- --><li class=\"g1-collection__item\">\n        <article itemscope itemtype=\"http:\/\/schema.org\/BlogPosting\" id=\"post-416\" class=\"post-416 g1_work type-g1_work status-publish format-standard g1_work_category-information-consulting g1_work_tag-it-consulting g1_work_tag-ms-project g1_work_tag-ms-sharepoint g1_relation_tag-r-information-consulting g1-brief\">\n    \n    <div class=\"g1-nonmedia\">\n        <div class=\"g1-inner\">\n            <header class=\"entry-header\">\n                <h3><a href=\"https:\/\/www.bis-heidelberg.de\/home\/portfolio\/trainings\/\" title=\"Trainings\" >Trainings<\/a><\/h3>                            <\/header><!-- .entry-header -->\n\n            <div class=\"entry-summary\"><p>Verst\u00e4ndliche Schulungen und individuelles Coaching garantieren die richtige Verwendung und die maximale Akzeptanz von Software.<br \/>\nAnhand von individuellen Podcasts und Videotrainings k\u00f6nnen Mitarbeiter auch zuk\u00fcnftig schnell auf ein System eingelernt werden. <\/p>\n<\/div>\n            <footer class=\"entry-footer\">\n                                <div class=\"g1-meta entry-terms\">\n                                        <div class=\"entry-tags\"><div><span>Tagged with:<\/span><ul><li><a href=\"https:\/\/www.bis-heidelberg.de\/home\/technologien\/it-consulting\/\" rel=\"tag\">IT Consulting<\/a><\/li><li><a href=\"https:\/\/www.bis-heidelberg.de\/home\/technologien\/ms-project\/\" rel=\"tag\">MS Project\u00ae<\/a><\/li><li><a href=\"https:\/\/www.bis-heidelberg.de\/home\/technologien\/ms-sharepoint\/\" rel=\"tag\">MS Sharepoint\u00ae<\/a><\/li><\/ul><\/div><\/div>                <\/div>\n                \n                                    <div>\n                        <a id=\"g1-button-3\" class=\"g1-button g1-button--small g1-button--solid g1-button--standard \" href=\"https:\/\/www.bis-heidelberg.de\/home\/portfolio\/trainings\/\" >More<\/a>                    <\/div>\n                            <\/footer><!-- .entry-footer -->\n        <\/div>\n        <div class=\"g1-01\"><\/div>\n    <\/div>\n\n<\/article><!-- .post-XX -->    <\/li><!-- --><\/ul>\n<\/div>\n<!-- END: .g1-collection -->\n\n<\/div>\n<\/li><!-- --><\/ul>\n<div id=\"g1-divider-2\" class=\"g1-divider g1-divider--none g1-divider--icon \"><span><i class=\"icon-plus-sign-alt\"><\/i><\/span><\/div>\n<ul class=\"g1-grid\"><li class=\"g1-column g1-one-third g1-valign-top\">\n<a id=\"g1-button-4\" class=\"g1-button g1-button--medium g1-button--simple g1-button--wide \" href=\"\/home\/business-process-solutions\/\" title=\"Business Process Solutions\" ><i class=\"icon-exchange\"><\/i>Business Process Solutions<\/a>\n<\/li><!-- -->\n<li class=\"g1-column g1-one-third g1-valign-top\">\n<a id=\"g1-button-5\" class=\"g1-button g1-button--medium g1-button--simple g1-button--wide \" href=\"\/home\/corporate-communication\/\" title=\"Corporate Communication\" ><i class=\"icon-comments-alt\"><\/i>Corporate Communication<\/a>\n<\/li><!-- -->\n<li class=\"g1-column g1-one-third g1-valign-top\">\n<a id=\"g1-button-6\" class=\"g1-button g1-button--medium g1-button--solid g1-button--wide \" href=\"\/home\/information-consulting\/\" title=\"Information Consulting\" ><i class=\"icon-plus-sign-alt\"><\/i>Information Consulting<\/a>\n<\/li><!-- --><\/ul>\n","protected":false},"excerpt":{"rendered":"<p>Verbessern Sie Ihren Informationsflu\u00df.<\/p>\n","protected":false},"author":1,"featured_media":673,"parent":0,"menu_order":30,"comment_status":"closed","ping_status":"closed","template":"g1_template_page_full.php","meta":{"footnotes":""},"class_list":{"0":"post-311","1":"page","2":"type-page","3":"status-publish","4":"has-post-thumbnail","6":"g1_relation_tag-r-information-consulting","7":"g1-brief"},"_links":{"self":[{"href":"https:\/\/www.bis-heidelberg.de\/home\/wp-json\/wp\/v2\/pages\/311","targetHints":{"allow":["GET"]}}],"collection":[{"href":"https:\/\/www.bis-heidelberg.de\/home\/wp-json\/wp\/v2\/pages"}],"about":[{"href":"https:\/\/www.bis-heidelberg.de\/home\/wp-json\/wp\/v2\/types\/page"}],"author":[{"embeddable":true,"href":"https:\/\/www.bis-heidelberg.de\/home\/wp-json\/wp\/v2\/users\/1"}],"replies":[{"embeddable":true,"href":"https:\/\/www.bis-heidelberg.de\/home\/wp-json\/wp\/v2\/comments?post=311"}],"version-history":[{"count":44,"href":"https:\/\/www.bis-heidelberg.de\/home\/wp-json\/wp\/v2\/pages\/311\/revisions"}],"predecessor-version":[{"id":1061,"href":"https:\/\/www.bis-heidelberg.de\/home\/wp-json\/wp\/v2\/pages\/311\/revisions\/1061"}],"wp:featuredmedia":[{"embeddable":true,"href":"https:\/\/www.bis-heidelberg.de\/home\/wp-json\/wp\/v2\/media\/673"}],"wp:attachment":[{"href":"https:\/\/www.bis-heidelberg.de\/home\/wp-json\/wp\/v2\/media?parent=311"}],"curies":[{"name":"wp","href":"https:\/\/api.w.org\/{rel}","templated":true}]}}